{"id":6,"date":"2021-10-05T09:44:07","date_gmt":"2021-10-05T09:44:07","guid":{"rendered":"http:\/\/www.kurzohr.de\/kurzohr\/?page_id=6"},"modified":"2024-07-12T11:27:26","modified_gmt":"2024-07-12T11:27:26","slug":"home","status":"publish","type":"page","link":"https:\/\/www.kurzohr.de\/kurzohr\/","title":{"rendered":"Home"},"content":{"rendered":"<p><iframe loading=\"lazy\" src=\"https:\/\/www.kurzohr.de\/projects\/kurzohrcover\/test.html\" width=\"1280px\" height=\"720px\" frameborder=\"0\"><br \/>\n<\/iframe><\/p>\n<hr style=\"height: 1px; border-width: 0; color: #66fcf1; background-color: #66fcf1;\" \/>\n<p>&nbsp;<\/p>\n<div id=\"texter1\">\n<div id=\"whiter\">Diese Seite wird nicht mehr supported<\/div>\n<p>Diese Seite wurde w\u00e4hrend meiner Ausbildung zum Mediendesigner erstellt. Sie diente mir gut als Lernplattform. Doch jeder Lebensabschnitt endet nunmal. Durch eine starke berufliche Weiterentwicklung ist diese Seite nicht mehr konform f\u00fcr mich. Viele Ausbildungs Kollegen wurden mit dieser Seite auch viele Themen der Mediengestaltung vermitttelt.<br \/>\nDiese Seite bleibt als Erinnerung an eine gute Zeit hier auf kurzohr.de gespeichert und erh\u00e4lt noch regelm\u00e4\u00dfig Software Updates um die Funktionalit\u00e4t zu gew\u00e4hrleisten. Aber der Content Support ist eingestellt! Besucht doch mal meine neue Seite<\/br><\/br><br \/>\n<a href=\"https:\/\/www.kurzohr.de\">Kurzohr.de<\/a><\/p>\n<div id=\"whiter\">Ohren hoch<\/div>\n<p>Benjamin<\/p>\n<\/div>\n<hr style=\"height: 1px; border-width: 0; color: #66fcf1; background-color: #66fcf1;\" \/>\n<div id=\"innernavigation1\">\n<div id=\"inner11\"><a href=\"https:\/\/www.kurzohr.de\/kurzohr\/alte-news\/\">Alte News<\/a><\/div>\n<div id=\"inner12\"><a href=\" https:\/\/www.kurzohr.de\/kurzohr\/ipressum\/\">Impressum<\/a><\/div>\n<\/div>\n","protected":false},"excerpt":{"rendered":"<div class=\"mh-excerpt\"><p>&nbsp; Diese Seite wird nicht mehr supported Diese Seite wurde w\u00e4hrend meiner Ausbildung zum Mediendesigner erstellt. Sie diente mir gut als Lernplattform. Doch jeder Lebensabschnitt <a class=\"mh-excerpt-more\" href=\"https:\/\/www.kurzohr.de\/kurzohr\/\" title=\"Home\">[&#8230;]<\/a><\/p>\n<\/div>","protected":false},"author":1,"featured_media":0,"parent":0,"menu_order":0,"comment_status":"closed","ping_status":"closed","template":"","meta":[],"_links":{"self":[{"href":"https:\/\/www.kurzohr.de\/kurzohr\/wp-json\/wp\/v2\/pages\/6"}],"collection":[{"href":"https:\/\/www.kurzohr.de\/kurzohr\/wp-json\/wp\/v2\/pages"}],"about":[{"href":"https:\/\/www.kurzohr.de\/kurzohr\/wp-json\/wp\/v2\/types\/page"}],"author":[{"embeddable":true,"href":"https:\/\/www.kurzohr.de\/kurzohr\/wp-json\/wp\/v2\/users\/1"}],"replies":[{"embeddable":true,"href":"https:\/\/www.kurzohr.de\/kurzohr\/wp-json\/wp\/v2\/comments?post=6"}],"version-history":[{"count":247,"href":"https:\/\/www.kurzohr.de\/kurzohr\/wp-json\/wp\/v2\/pages\/6\/revisions"}],"predecessor-version":[{"id":3298,"href":"https:\/\/www.kurzohr.de\/kurzohr\/wp-json\/wp\/v2\/pages\/6\/revisions\/3298"}],"wp:attachment":[{"href":"https:\/\/www.kurzohr.de\/kurzohr\/wp-json\/wp\/v2\/media?parent=6"}],"curies":[{"name":"wp","href":"https:\/\/api.w.org\/{rel}","templated":true}]}}